{"id":3,"date":"2019-01-04T08:06:33","date_gmt":"2019-01-04T07:06:33","guid":{"rendered":"https:\/\/jazzenville.lhappyjazz.com\/?page_id=3"},"modified":"2020-06-01T20:52:44","modified_gmt":"2020-06-01T18:52:44","slug":"politique-de-confidentialite","status":"publish","type":"page","link":"https:\/\/jazzenville.lhappyjazz.com\/index.php\/politique-de-confidentialite\/","title":{"rendered":"Politique de confidentialit\u00e9"},"content":{"rendered":"\n<h3 class=\"wp-block-heading\">Utilisation des donn\u00e9es personnelles collect\u00e9es<\/h3>\n\n\n\n<p>L&rsquo;Happy Jazz s\u2019engage \u00e0 ne pas communiquer ni commercialiser vos donn\u00e9es avec des tiers afin de pr\u00e9server vos informations personnelles. Vous ne recevrez jamais de propositions commerciales tierces suite \u00e0 votre activit\u00e9 sur le site de l&rsquo;Happy Jazz.<\/p>\n\n\n\n<h3 class=\"wp-block-heading\">Cookies<\/h3>\n\n\n\n<p>Lors de la consultation de notre site, des informations relatives \u00e0 votre navigation peuvent en effet \u00eatre enregistr\u00e9es dans des fichiers dits \u00ab cookies \u00bb install\u00e9s sur votre ordinateur, sous r\u00e9serve des choix que vous auriez exprim\u00e9s concernant les cookies et que vous pouvez modifier \u00e0 tout moment.<\/p>\n\n\n\n<p><strong>Types de cookie<\/strong><\/p>\n\n\n\n<p>Le site utilise deux types de cookies :<\/p>\n\n\n\n<ul class=\"wp-block-list\"><li>les cookies n\u00e9cessaires au bon fonctionnement de la navigation. Ces cookies g\u00e9n\u00e9r\u00e9s par WordPress sont obligatoires<\/li><li>les autres cookies, utilis\u00e9s par les contenus associ\u00e9s aux r\u00e9seaux sociaux, les vid\u00e9os, le captcha, etc &#8230; <\/li><\/ul>\n\n\n\n<p>Vous avez la possibilit\u00e9 d&rsquo;accepter les autres cookies ou de les refuser. Toutefois, tout param\u00e9trage que vous r\u00e9alisez est susceptible de modifier votre navigation sur internet et vos conditions d\u2019acc\u00e8s \u00e0 certains services n\u00e9cessitant l\u2019utilisation de cookies.<\/p>\n\n\n\n<p>Se reporter \u00e0 la <a href=\"https:\/\/jazzenville.lhappyjazz.com\/index.php\/politique-de-cookies-ue\/\">Politique de gestion des cookies<\/a> du site<\/p>\n\n\n\n<p>Il est \u00e9galement possible de configurer la gestion des cookies \u00e0 partir de votre navigateur <\/p>\n\n\n\n<p>Les r\u00e9servations de concert sont g\u00e9r\u00e9es par notre partenaire HelloAsso. Se reporter \u00e0 la Politique de Confidentialit\u00e9 d&rsquo;HelloAsso lors de la navigation sur ce site.<\/p>\n\n\n\n<h3 class=\"wp-block-heading\">Les droits que vous avez sur vos donn\u00e9es<\/h3>\n\n\n\n<p>Si vous avez utilis\u00e9 les fonctions de contact, d&rsquo;adh\u00e9sion, d&rsquo;inscription \u00e0 la Newsletter, de r\u00e9servation de places, vous pouvez demander \u00e0 recevoir un fichier contenant toutes les donn\u00e9es personnelles que nous poss\u00e9dons \u00e0 votre sujet, incluant celles que vous nous avez fournies. Vous pouvez \u00e9galement demander la suppression des donn\u00e9es personnelles vous concernant. Cela ne prend pas en compte les donn\u00e9es stock\u00e9es \u00e0 des fins administratives, l\u00e9gales ou pour des raisons de s\u00e9curit\u00e9.<br>Contact : <a href=\"mailto:lhappyjazz@gmail.com\">lhappyjazz@gmail.com<\/a><\/p>\n","protected":false},"excerpt":{"rendered":"<p>Utilisation des donn\u00e9es personnelles collect\u00e9es L&rsquo;Happy Jazz s\u2019engage \u00e0 ne pas communiquer ni commercialiser vos donn\u00e9es avec des tiers afin de pr\u00e9server vos informations personnelles. Vous ne recevrez jamais de propositions commerciales tierces suite \u00e0 votre activit\u00e9 sur le site de l&rsquo;Happy Jazz. Cookies Lors de la consultation de notre site, des informations relatives \u00e0 &hellip; <a href=\"https:\/\/jazzenville.lhappyjazz.com\/index.php\/politique-de-confidentialite\/\" class=\"more-link\">Continuer la lecture<span class=\"screen-reader-text\"> de &laquo;&nbsp;Politique de confidentialit\u00e9&nbsp;&raquo;<\/span><\/a><\/p>\n","protected":false},"author":1,"featured_media":0,"parent":0,"menu_order":0,"comment_status":"closed","ping_status":"open","template":"","meta":{"footnotes":""},"class_list":["post-3","page","type-page","status-publish","hentry"],"_links":{"self":[{"href":"https:\/\/jazzenville.lhappyjazz.com\/index.php\/wp-json\/wp\/v2\/pages\/3","targetHints":{"allow":["GET"]}}],"collection":[{"href":"https:\/\/jazzenville.lhappyjazz.com\/index.php\/wp-json\/wp\/v2\/pages"}],"about":[{"href":"https:\/\/jazzenville.lhappyjazz.com\/index.php\/wp-json\/wp\/v2\/types\/page"}],"author":[{"embeddable":true,"href":"https:\/\/jazzenville.lhappyjazz.com\/index.php\/wp-json\/wp\/v2\/users\/1"}],"replies":[{"embeddable":true,"href":"https:\/\/jazzenville.lhappyjazz.com\/index.php\/wp-json\/wp\/v2\/comments?post=3"}],"version-history":[{"count":4,"href":"https:\/\/jazzenville.lhappyjazz.com\/index.php\/wp-json\/wp\/v2\/pages\/3\/revisions"}],"predecessor-version":[{"id":384,"href":"https:\/\/jazzenville.lhappyjazz.com\/index.php\/wp-json\/wp\/v2\/pages\/3\/revisions\/384"}],"wp:attachment":[{"href":"https:\/\/jazzenville.lhappyjazz.com\/index.php\/wp-json\/wp\/v2\/media?parent=3"}],"curies":[{"name":"wp","href":"https:\/\/api.w.org\/{rel}","templated":true}]}}