{"id":377,"date":"2020-06-01T20:38:04","date_gmt":"2020-06-01T18:38:04","guid":{"rendered":"https:\/\/jazzenville.lhappyjazz.com\/?page_id=377"},"modified":"2020-06-01T20:38:04","modified_gmt":"2020-06-01T18:38:04","slug":"mentions-legales","status":"publish","type":"page","link":"https:\/\/jazzenville.lhappyjazz.com\/index.php\/mentions-legales\/","title":{"rendered":"Mentions l\u00e9gales"},"content":{"rendered":"\n<h3 class=\"wp-block-heading\">Propri\u00e9taire du site<\/h3>\n\n\n\n<p>Association L\u2019Happy Jazz<br>14 rue Emmanuel d\u2019Ormesson<br>94490 Ormesson sur Marne<br>www.jazzenville.lhappyjazz.com<br>Contact : lhappyjazz@gmail.com<\/p>\n\n\n\n<h3 class=\"wp-block-heading\">H\u00e9bergement<\/h3>\n\n\n\n<p>OVH<br>2 rue Kellermann<br>59100 Roubaix<\/p>\n\n\n\n<h3 class=\"wp-block-heading\">Conditions d&rsquo;utilisation du site<\/h3>\n\n\n\n<p>Le site et chacun des \u00e9l\u00e9ments, y compris mais sans limitation les marques, les logos, ic\u00f4nes, infographies, photographies, documents, qui le composent sont prot\u00e9g\u00e9s au titre de la l\u00e9gislation internationale de la propri\u00e9t\u00e9 intellectuelle. Les contenus figurant sur le site sont la propri\u00e9t\u00e9 de l&rsquo;assocaiotn l&rsquo;Happy Jazz. Toute utilisation, reproduction ou repr\u00e9sentation, par quelque proc\u00e9d\u00e9 que ce soit, et sur quelque support que ce soit, de tout ou partie du site et\/ou des \u00e9l\u00e9ments qui le composent n&rsquo;est pas autoris\u00e9e sans le consentement expresse de l&rsquo;Happy Jazz.<\/p>\n","protected":false},"excerpt":{"rendered":"<p>Propri\u00e9taire du site Association L\u2019Happy Jazz14 rue Emmanuel d\u2019Ormesson94490 Ormesson sur Marnewww.jazzenville.lhappyjazz.comContact : lhappyjazz@gmail.com H\u00e9bergement OVH2 rue Kellermann59100 Roubaix Conditions d&rsquo;utilisation du site Le site et chacun des \u00e9l\u00e9ments, y compris mais sans limitation les marques, les logos, ic\u00f4nes, infographies, photographies, documents, qui le composent sont prot\u00e9g\u00e9s au titre de la l\u00e9gislation internationale de la &hellip; <a href=\"https:\/\/jazzenville.lhappyjazz.com\/index.php\/mentions-legales\/\" class=\"more-link\">Continuer la lecture<span class=\"screen-reader-text\"> de &laquo;&nbsp;Mentions l\u00e9gales&nbsp;&raquo;<\/span><\/a><\/p>\n","protected":false},"author":1,"featured_media":0,"parent":0,"menu_order":0,"comment_status":"closed","ping_status":"closed","template":"","meta":{"footnotes":""},"class_list":["post-377","page","type-page","status-publish","hentry"],"_links":{"self":[{"href":"https:\/\/jazzenville.lhappyjazz.com\/index.php\/wp-json\/wp\/v2\/pages\/377","targetHints":{"allow":["GET"]}}],"collection":[{"href":"https:\/\/jazzenville.lhappyjazz.com\/index.php\/wp-json\/wp\/v2\/pages"}],"about":[{"href":"https:\/\/jazzenville.lhappyjazz.com\/index.php\/wp-json\/wp\/v2\/types\/page"}],"author":[{"embeddable":true,"href":"https:\/\/jazzenville.lhappyjazz.com\/index.php\/wp-json\/wp\/v2\/users\/1"}],"replies":[{"embeddable":true,"href":"https:\/\/jazzenville.lhappyjazz.com\/index.php\/wp-json\/wp\/v2\/comments?post=377"}],"version-history":[{"count":1,"href":"https:\/\/jazzenville.lhappyjazz.com\/index.php\/wp-json\/wp\/v2\/pages\/377\/revisions"}],"predecessor-version":[{"id":379,"href":"https:\/\/jazzenville.lhappyjazz.com\/index.php\/wp-json\/wp\/v2\/pages\/377\/revisions\/379"}],"wp:attachment":[{"href":"https:\/\/jazzenville.lhappyjazz.com\/index.php\/wp-json\/wp\/v2\/media?parent=377"}],"curies":[{"name":"wp","href":"https:\/\/api.w.org\/{rel}","templated":true}]}}